{"id":3482,"date":"2024-05-02T11:45:00","date_gmt":"2024-05-02T09:45:00","guid":{"rendered":"https:\/\/birrificiosottobisio.ch\/promo\/?post_type=product&#038;p=3482"},"modified":"2024-05-02T11:45:24","modified_gmt":"2024-05-02T09:45:24","slug":"stout","status":"publish","type":"product","link":"https:\/\/birrificiosottobisio.ch\/promo\/product\/stout\/","title":{"rendered":"Stout"},"content":{"rendered":"","protected":false},"excerpt":{"rendered":"<p>Smoked stout ad alta fermentazione, rifermentata in bottiglia.<br \/>\nAlla vista si presenta color nero impenetrabile, con una schiuma persistente dalla tessitura fine color capuccino.<br \/>\nAl naso risultano evidenti note di caff\u00e8 e affumicato. Nella miscela di malti, \u00e8 stata aggiunta, infatti, una particolare variet\u00e0 affumicata sul legno di faggio.<br \/>\nIn bocca si presenta subito morbida, con note di caff\u00e8 e cioccolato persistenti, come da stile di appartenenza; la luppolatura contenuta effettuata con luppoli continentali contribuisce a rendere il tutto molto equilibrato.<br \/>\nBirra da bere a temperatura di 10 \u00b0C, in un bicchiere a tulipano. Consigliata a gruppi di amici che vogliono rivivere l&#8217;atmosfera di un Regno Unito in piena rivoluzione industriale.<br \/>\nIl grado alcolico \u00e8 di 5,5%<\/p>\n<p>Acqua, malto d&#8217;ORZO, luppolo, lievito<\/p>\n","protected":false},"featured_media":3512,"template":"","meta":[],"product_cat":[134],"product_tag":[],"class_list":{"0":"post-3482","1":"product","2":"type-product","3":"status-publish","4":"has-post-thumbnail","6":"product_cat-shop-ita","8":"first","9":"instock","10":"shipping-taxable","11":"purchasable","12":"product-type-simple"},"_links":{"self":[{"href":"https:\/\/birrificiosottobisio.ch\/promo\/wp-json\/wp\/v2\/product\/3482","targetHints":{"allow":["GET"]}}],"collection":[{"href":"https:\/\/birrificiosottobisio.ch\/promo\/wp-json\/wp\/v2\/product"}],"about":[{"href":"https:\/\/birrificiosottobisio.ch\/promo\/wp-json\/wp\/v2\/types\/product"}],"wp:featuredmedia":[{"embeddable":true,"href":"https:\/\/birrificiosottobisio.ch\/promo\/wp-json\/wp\/v2\/media\/3512"}],"wp:attachment":[{"href":"https:\/\/birrificiosottobisio.ch\/promo\/wp-json\/wp\/v2\/media?parent=3482"}],"wp:term":[{"taxonomy":"product_cat","embeddable":true,"href":"https:\/\/birrificiosottobisio.ch\/promo\/wp-json\/wp\/v2\/product_cat?post=3482"},{"taxonomy":"product_tag","embeddable":true,"href":"https:\/\/birrificiosottobisio.ch\/promo\/wp-json\/wp\/v2\/product_tag?post=3482"}],"curies":[{"name":"wp","href":"https:\/\/api.w.org\/{rel}","templated":true}]}}