{"id":3495,"date":"2024-05-02T11:45:06","date_gmt":"2024-05-02T09:45:06","guid":{"rendered":"https:\/\/birrificiosottobisio.ch\/promo\/?post_type=product&#038;p=3495"},"modified":"2024-05-02T11:46:02","modified_gmt":"2024-05-02T09:46:02","slug":"night-rye-ipa","status":"publish","type":"product","link":"https:\/\/birrificiosottobisio.ch\/promo\/product\/night-rye-ipa\/","title":{"rendered":"Night Rye IPA"},"content":{"rendered":"","protected":false},"excerpt":{"rendered":"<p>Black IPA con 30 % si segale in ricetta. Si presenta nel bicchiere di colore nero, con riflessi mogano. La schiuma \u00e8 abbondante e di grana fine, dalla lunga persistenza. Al naso le note di tostatura (soprattutto caff\u00e8 verde) risultano ben bilanciate dalla generosa luppolatura in aroma effettuata con il nostro sistema di luppolatura a freddo. Al palato risulta subito evidente il corpo piuttosto avvolgente dato anche anche dalla media gradazione ( 7% vol. ). Di nuovo ben evidenti le note tostate dei malti affiancate dalla parte agrumata ed esotica dei pi\u00f9 moderni luppoli americani utilizzati. Prima di berla lasciatela fuori dal frigo una mezz&#8217;oretta. D\u00e0 il meglio di s\u00e8 a partire dai 10\u00b0C.<\/p>\n<p>Acqua, malto d&#8217;ORZO e di SEGALE, luppolo, lievito<\/p>\n","protected":false},"featured_media":3536,"template":"","meta":[],"product_cat":[134],"product_tag":[],"class_list":{"0":"post-3495","1":"product","2":"type-product","3":"status-publish","4":"has-post-thumbnail","6":"product_cat-shop-ita","8":"first","9":"instock","10":"shipping-taxable","11":"purchasable","12":"product-type-simple"},"_links":{"self":[{"href":"https:\/\/birrificiosottobisio.ch\/promo\/wp-json\/wp\/v2\/product\/3495","targetHints":{"allow":["GET"]}}],"collection":[{"href":"https:\/\/birrificiosottobisio.ch\/promo\/wp-json\/wp\/v2\/product"}],"about":[{"href":"https:\/\/birrificiosottobisio.ch\/promo\/wp-json\/wp\/v2\/types\/product"}],"wp:featuredmedia":[{"embeddable":true,"href":"https:\/\/birrificiosottobisio.ch\/promo\/wp-json\/wp\/v2\/media\/3536"}],"wp:attachment":[{"href":"https:\/\/birrificiosottobisio.ch\/promo\/wp-json\/wp\/v2\/media?parent=3495"}],"wp:term":[{"taxonomy":"product_cat","embeddable":true,"href":"https:\/\/birrificiosottobisio.ch\/promo\/wp-json\/wp\/v2\/product_cat?post=3495"},{"taxonomy":"product_tag","embeddable":true,"href":"https:\/\/birrificiosottobisio.ch\/promo\/wp-json\/wp\/v2\/product_tag?post=3495"}],"curies":[{"name":"wp","href":"https:\/\/api.w.org\/{rel}","templated":true}]}}