{"id":3543,"date":"2024-05-02T11:46:06","date_gmt":"2024-05-02T09:46:06","guid":{"rendered":"https:\/\/birrificiosottobisio.ch\/promo\/?post_type=product&#038;p=3543"},"modified":"2024-05-02T11:46:35","modified_gmt":"2024-05-02T09:46:35","slug":"stout-3","status":"publish","type":"product","link":"https:\/\/birrificiosottobisio.ch\/promo\/product\/stout-3\/","title":{"rendered":"Stout"},"content":{"rendered":"","protected":false},"excerpt":{"rendered":"<p>Stark fermentiertes, rauchiges Stout Bier, in der Flasche re-fermentiert.<br \/>\nSeine Farbe ist tiefschwarz und es hat einen lang andauernden, cappuccinofarbigen Schaum mit feiner Textur. Der Alkoholgehalt ist 5.5%vol. Deutlich zu sp\u00fcren in der Nase sind Aromen von Kafee und Rauch, die durch eine spezielle Art mit Buchenholz ger\u00f6stetem Malz hervorgerufen werden. Im Munde werden Sie den sanften und best\u00e4ndigen Schokoladen- und Kaffeegeschmack des Stout Stiles w\u00fcrdigen. Die Hopfen aus kontinentalen Typen wurden ausgew\u00e4hlt, um die sehr grosse Ausgeglichenheit zu erreichen. Es wird empfohlen, dieses Bier nicht k\u00e4lter als 10\u00b0C in einem Tulpenglas zu degustieren. Dieses Stout Bier ist ein hervorragender Vorwand, die grossbritannische Atmosph\u00e4re w\u00e4hrend der industriellen Revolution mit Ihrem besten Freund wieder aufleben zu lassen.<\/p>\n<p>Wasser, GERSTENMALZ, Hopfen, Hefe<\/p>\n","protected":false},"featured_media":3512,"template":"","meta":[],"product_cat":[148],"product_tag":[],"class_list":{"0":"post-3543","1":"product","2":"type-product","3":"status-publish","4":"has-post-thumbnail","6":"product_cat-shop-deu","8":"first","9":"instock","10":"shipping-taxable","11":"purchasable","12":"product-type-simple"},"_links":{"self":[{"href":"https:\/\/birrificiosottobisio.ch\/promo\/wp-json\/wp\/v2\/product\/3543","targetHints":{"allow":["GET"]}}],"collection":[{"href":"https:\/\/birrificiosottobisio.ch\/promo\/wp-json\/wp\/v2\/product"}],"about":[{"href":"https:\/\/birrificiosottobisio.ch\/promo\/wp-json\/wp\/v2\/types\/product"}],"wp:featuredmedia":[{"embeddable":true,"href":"https:\/\/birrificiosottobisio.ch\/promo\/wp-json\/wp\/v2\/media\/3512"}],"wp:attachment":[{"href":"https:\/\/birrificiosottobisio.ch\/promo\/wp-json\/wp\/v2\/media?parent=3543"}],"wp:term":[{"taxonomy":"product_cat","embeddable":true,"href":"https:\/\/birrificiosottobisio.ch\/promo\/wp-json\/wp\/v2\/product_cat?post=3543"},{"taxonomy":"product_tag","embeddable":true,"href":"https:\/\/birrificiosottobisio.ch\/promo\/wp-json\/wp\/v2\/product_tag?post=3543"}],"curies":[{"name":"wp","href":"https:\/\/api.w.org\/{rel}","templated":true}]}}