{"id":3552,"date":"2024-05-02T11:46:29","date_gmt":"2024-05-02T09:46:29","guid":{"rendered":"https:\/\/birrificiosottobisio.ch\/promo\/?post_type=product&#038;p=3552"},"modified":"2024-05-02T11:46:37","modified_gmt":"2024-05-02T09:46:37","slug":"x-tucc-3","status":"publish","type":"product","link":"https:\/\/birrificiosottobisio.ch\/promo\/product\/x-tucc-3\/","title":{"rendered":"X tucc"},"content":{"rendered":"","protected":false},"excerpt":{"rendered":"<p>Weissbier ab 5,7% vol. Er pr\u00e4sentiert sich dem Auge strohgelb gleichm\u00e4\u00dfig verschleiert mit einem feinen und anhaltenden Schaum. In der Nase stechen sofort Noten von reifen Bananen und Nelken hervor, begleitet von der S\u00fc\u00dfe von lokalem und biologischem Gerstenmalz. Am Gaumen ist der Drink schnell und angenehm, Bananennoten sind gut pr\u00e4sent, das Bier ist dank der leichten Hopfung nicht m\u00fcde. Bier zum Trinken in Fl\u00fcssen<\/p>\n","protected":false},"featured_media":3544,"template":"","meta":[],"product_cat":[148],"product_tag":[],"class_list":{"0":"post-3552","1":"product","2":"type-product","3":"status-publish","4":"has-post-thumbnail","6":"product_cat-shop-deu","8":"first","9":"instock","10":"shipping-taxable","11":"purchasable","12":"product-type-simple"},"_links":{"self":[{"href":"https:\/\/birrificiosottobisio.ch\/promo\/wp-json\/wp\/v2\/product\/3552","targetHints":{"allow":["GET"]}}],"collection":[{"href":"https:\/\/birrificiosottobisio.ch\/promo\/wp-json\/wp\/v2\/product"}],"about":[{"href":"https:\/\/birrificiosottobisio.ch\/promo\/wp-json\/wp\/v2\/types\/product"}],"wp:featuredmedia":[{"embeddable":true,"href":"https:\/\/birrificiosottobisio.ch\/promo\/wp-json\/wp\/v2\/media\/3544"}],"wp:attachment":[{"href":"https:\/\/birrificiosottobisio.ch\/promo\/wp-json\/wp\/v2\/media?parent=3552"}],"wp:term":[{"taxonomy":"product_cat","embeddable":true,"href":"https:\/\/birrificiosottobisio.ch\/promo\/wp-json\/wp\/v2\/product_cat?post=3552"},{"taxonomy":"product_tag","embeddable":true,"href":"https:\/\/birrificiosottobisio.ch\/promo\/wp-json\/wp\/v2\/product_tag?post=3552"}],"curies":[{"name":"wp","href":"https:\/\/api.w.org\/{rel}","templated":true}]}}