{"id":3555,"date":"2024-05-02T11:46:30","date_gmt":"2024-05-02T09:46:30","guid":{"rendered":"https:\/\/birrificiosottobisio.ch\/promo\/?post_type=product&#038;p=3555"},"modified":"2024-05-02T11:46:38","modified_gmt":"2024-05-02T09:46:38","slug":"usa-oak-3","status":"publish","type":"product","link":"https:\/\/birrificiosottobisio.ch\/promo\/product\/usa-oak-3\/","title":{"rendered":"USA Oak"},"content":{"rendered":"","protected":false},"excerpt":{"rendered":"<p>10% ABV, 2% S\u00e4uregehalt. Tr\u00fcbes, dunkles, rubin-bernsteinfarbenes Bier mit geringer Schaumbildung; ziemlich holzige und sehr fruchtige Nase nach Pflaumen und Kirschen. Geringe nat\u00fcrliche Kohlens\u00e4ure (abh\u00e4ngig von der Reifung). Malzger\u00fcst mit Ankl\u00e4ngen von Kakao und Vanille. Angenehm trocken. Leicht s\u00e4uerlich. Kurzer fruchtiger und holziger Abgang mit anhaltender S\u00e4ure.<\/p>\n<p>Wasser, GERSTENMALZ, Hopfen, Hefe<\/p>\n","protected":false},"featured_media":3531,"template":"","meta":[],"product_cat":[150],"product_tag":[],"class_list":{"0":"post-3555","1":"product","2":"type-product","3":"status-publish","4":"has-post-thumbnail","6":"product_cat-altro-formato-deu","8":"first","9":"instock","10":"shipping-taxable","11":"purchasable","12":"product-type-simple"},"_links":{"self":[{"href":"https:\/\/birrificiosottobisio.ch\/promo\/wp-json\/wp\/v2\/product\/3555","targetHints":{"allow":["GET"]}}],"collection":[{"href":"https:\/\/birrificiosottobisio.ch\/promo\/wp-json\/wp\/v2\/product"}],"about":[{"href":"https:\/\/birrificiosottobisio.ch\/promo\/wp-json\/wp\/v2\/types\/product"}],"wp:featuredmedia":[{"embeddable":true,"href":"https:\/\/birrificiosottobisio.ch\/promo\/wp-json\/wp\/v2\/media\/3531"}],"wp:attachment":[{"href":"https:\/\/birrificiosottobisio.ch\/promo\/wp-json\/wp\/v2\/media?parent=3555"}],"wp:term":[{"taxonomy":"product_cat","embeddable":true,"href":"https:\/\/birrificiosottobisio.ch\/promo\/wp-json\/wp\/v2\/product_cat?post=3555"},{"taxonomy":"product_tag","embeddable":true,"href":"https:\/\/birrificiosottobisio.ch\/promo\/wp-json\/wp\/v2\/product_tag?post=3555"}],"curies":[{"name":"wp","href":"https:\/\/api.w.org\/{rel}","templated":true}]}}