{"id":3556,"date":"2024-05-02T11:46:31","date_gmt":"2024-05-02T09:46:31","guid":{"rendered":"https:\/\/birrificiosottobisio.ch\/promo\/?post_type=product&#038;p=3556"},"modified":"2024-05-02T11:46:38","modified_gmt":"2024-05-02T09:46:38","slug":"wild-shot-merlot-3","status":"publish","type":"product","link":"https:\/\/birrificiosottobisio.ch\/promo\/product\/wild-shot-merlot-3\/","title":{"rendered":"Wild Shot Merlot"},"content":{"rendered":"","protected":false},"excerpt":{"rendered":"<p>10% ABV, 2% S\u00e4uregehalt. Leicht tr\u00fcbes, dunkelrot-bernsteinfarbenes Bier ohne Schaum; s\u00e4uerliches Aroma von Pflaumen und Vin Jaune, dezente und gut eingebundene Holznoten; vollmundig, dezente Kohlens\u00e4ure, kr\u00e4ftig s\u00e4uerlich; langer Nachgeschmack nach Rotweinfass (Merlot), \u00c4pfeln, Pflaumen, etwas w\u00e4rmenden Alkoholnoten und einer anhaltenden S\u00e4ure und Fruchtigkeit.<\/p>\n<p>Wasser, GERSTENMALZ, Hopfen, Hefe<\/p>\n","protected":false},"featured_media":3532,"template":"","meta":[],"product_cat":[150],"product_tag":[],"class_list":{"0":"post-3556","1":"product","2":"type-product","3":"status-publish","4":"has-post-thumbnail","6":"product_cat-altro-formato-deu","8":"first","9":"instock","10":"shipping-taxable","11":"purchasable","12":"product-type-simple"},"_links":{"self":[{"href":"https:\/\/birrificiosottobisio.ch\/promo\/wp-json\/wp\/v2\/product\/3556","targetHints":{"allow":["GET"]}}],"collection":[{"href":"https:\/\/birrificiosottobisio.ch\/promo\/wp-json\/wp\/v2\/product"}],"about":[{"href":"https:\/\/birrificiosottobisio.ch\/promo\/wp-json\/wp\/v2\/types\/product"}],"wp:featuredmedia":[{"embeddable":true,"href":"https:\/\/birrificiosottobisio.ch\/promo\/wp-json\/wp\/v2\/media\/3532"}],"wp:attachment":[{"href":"https:\/\/birrificiosottobisio.ch\/promo\/wp-json\/wp\/v2\/media?parent=3556"}],"wp:term":[{"taxonomy":"product_cat","embeddable":true,"href":"https:\/\/birrificiosottobisio.ch\/promo\/wp-json\/wp\/v2\/product_cat?post=3556"},{"taxonomy":"product_tag","embeddable":true,"href":"https:\/\/birrificiosottobisio.ch\/promo\/wp-json\/wp\/v2\/product_tag?post=3556"}],"curies":[{"name":"wp","href":"https:\/\/api.w.org\/{rel}","templated":true}]}}