{"id":3557,"date":"2024-05-02T11:46:31","date_gmt":"2024-05-02T09:46:31","guid":{"rendered":"https:\/\/birrificiosottobisio.ch\/promo\/?post_type=product&#038;p=3557"},"modified":"2024-05-02T11:46:38","modified_gmt":"2024-05-02T09:46:38","slug":"wild-shot-passito-3","status":"publish","type":"product","link":"https:\/\/birrificiosottobisio.ch\/promo\/product\/wild-shot-passito-3\/","title":{"rendered":"Wild shot Passito"},"content":{"rendered":"","protected":false},"excerpt":{"rendered":"<p>Dieser Wild Shot wird ein Jahr lang in Eichenf\u00e4ssern von Passito di Moscato gelagert. Sehr tiefe Bernsteinfarbe. Basic ist unser Gerstenwein. Nat\u00fcrliche Karbonatisierung ist daher abh\u00e4ngig von der Alterung in der Flasche. Holznoten, aromatischer Wei\u00dfwein. Dichter und \u00f6liger K\u00f6rper. Im Mund wird der Moscato Passito, der in diesem Barrique lebte, gut wahrgenommen. S\u00e4ure-Milchs\u00e4ure-Balance durch holzige und gerbstoffhaltige D\u00fcfte.<\/p>\n<p>Wasser, GERSTENMALZ, Hopfen, Hefe<\/p>\n","protected":false},"featured_media":3516,"template":"","meta":[],"product_cat":[150],"product_tag":[],"class_list":{"0":"post-3557","1":"product","2":"type-product","3":"status-publish","4":"has-post-thumbnail","6":"product_cat-altro-formato-deu","8":"first","9":"instock","10":"shipping-taxable","11":"purchasable","12":"product-type-simple"},"_links":{"self":[{"href":"https:\/\/birrificiosottobisio.ch\/promo\/wp-json\/wp\/v2\/product\/3557","targetHints":{"allow":["GET"]}}],"collection":[{"href":"https:\/\/birrificiosottobisio.ch\/promo\/wp-json\/wp\/v2\/product"}],"about":[{"href":"https:\/\/birrificiosottobisio.ch\/promo\/wp-json\/wp\/v2\/types\/product"}],"wp:featuredmedia":[{"embeddable":true,"href":"https:\/\/birrificiosottobisio.ch\/promo\/wp-json\/wp\/v2\/media\/3516"}],"wp:attachment":[{"href":"https:\/\/birrificiosottobisio.ch\/promo\/wp-json\/wp\/v2\/media?parent=3557"}],"wp:term":[{"taxonomy":"product_cat","embeddable":true,"href":"https:\/\/birrificiosottobisio.ch\/promo\/wp-json\/wp\/v2\/product_cat?post=3557"},{"taxonomy":"product_tag","embeddable":true,"href":"https:\/\/birrificiosottobisio.ch\/promo\/wp-json\/wp\/v2\/product_tag?post=3557"}],"curies":[{"name":"wp","href":"https:\/\/api.w.org\/{rel}","templated":true}]}}