{"id":3560,"date":"2024-05-02T11:46:32","date_gmt":"2024-05-02T09:46:32","guid":{"rendered":"https:\/\/birrificiosottobisio.ch\/promo\/?post_type=product&#038;p=3560"},"modified":"2024-05-02T11:46:40","modified_gmt":"2024-05-02T09:46:40","slug":"mstream-lager","status":"publish","type":"product","link":"https:\/\/birrificiosottobisio.ch\/promo\/product\/mstream-lager\/","title":{"rendered":"M&#8217;Stream Lager"},"content":{"rendered":"","protected":false},"excerpt":{"rendered":"<p>Questa \u00e8 la nostra prima LAGER (Pilsner tedesca). \u00c8 stata prodotta con i luppoli Saaz e K-Golding. Il colore \u00e8 giallo paglierino, perfettamente limpido. L&#8217;alcol \u00e8 di 4,7% ABV. L&#8217;aroma \u00e8 di miele e fieno secco. In bocca la spina dorsale di malto mostra il suo carattere legato al miele e al fieno, ma con un tocco erbaceo legato ai luppoli europei. \u00c8 una perfetta bevanda estiva.<\/p>\n","protected":false},"featured_media":3563,"template":"","meta":[],"product_cat":[134],"product_tag":[],"class_list":{"0":"post-3560","1":"product","2":"type-product","3":"status-publish","4":"has-post-thumbnail","6":"product_cat-shop-ita","8":"first","9":"instock","10":"shipping-taxable","11":"purchasable","12":"product-type-simple"},"_links":{"self":[{"href":"https:\/\/birrificiosottobisio.ch\/promo\/wp-json\/wp\/v2\/product\/3560","targetHints":{"allow":["GET"]}}],"collection":[{"href":"https:\/\/birrificiosottobisio.ch\/promo\/wp-json\/wp\/v2\/product"}],"about":[{"href":"https:\/\/birrificiosottobisio.ch\/promo\/wp-json\/wp\/v2\/types\/product"}],"wp:featuredmedia":[{"embeddable":true,"href":"https:\/\/birrificiosottobisio.ch\/promo\/wp-json\/wp\/v2\/media\/3563"}],"wp:attachment":[{"href":"https:\/\/birrificiosottobisio.ch\/promo\/wp-json\/wp\/v2\/media?parent=3560"}],"wp:term":[{"taxonomy":"product_cat","embeddable":true,"href":"https:\/\/birrificiosottobisio.ch\/promo\/wp-json\/wp\/v2\/product_cat?post=3560"},{"taxonomy":"product_tag","embeddable":true,"href":"https:\/\/birrificiosottobisio.ch\/promo\/wp-json\/wp\/v2\/product_tag?post=3560"}],"curies":[{"name":"wp","href":"https:\/\/api.w.org\/{rel}","templated":true}]}}