{"id":3562,"date":"2024-05-02T11:46:33","date_gmt":"2024-05-02T09:46:33","guid":{"rendered":"https:\/\/birrificiosottobisio.ch\/promo\/?post_type=product&#038;p=3562"},"modified":"2024-05-02T11:46:41","modified_gmt":"2024-05-02T09:46:41","slug":"mstream-lager-3","status":"publish","type":"product","link":"https:\/\/birrificiosottobisio.ch\/promo\/product\/mstream-lager-3\/","title":{"rendered":"M&#8217;Stream Lager"},"content":{"rendered":"","protected":false},"excerpt":{"rendered":"<p>Dies ist unser erstes LAGER (deutsches Pilsener). Es wurde mit Saaz und K-Golding Hopfen gebraut. Die Farbe ist strohgelb, vollkommen klar. Der Alkoholgehalt betr\u00e4gt 4,7% ABV. Das Aroma ist Honig und trockenes Heu. Im Mund zeigt das Malzger\u00fcst seinen Charakter in Verbindung mit Honig und Heu, aber mit einem grasigen Touch in Verbindung mit europ\u00e4ischem Hopfen. Es ist ein perfektes Sommergetr\u00e4nk.<\/p>\n","protected":false},"featured_media":3563,"template":"","meta":[],"product_cat":[148],"product_tag":[],"class_list":{"0":"post-3562","1":"product","2":"type-product","3":"status-publish","4":"has-post-thumbnail","6":"product_cat-shop-deu","8":"first","9":"instock","10":"shipping-taxable","11":"purchasable","12":"product-type-simple"},"_links":{"self":[{"href":"https:\/\/birrificiosottobisio.ch\/promo\/wp-json\/wp\/v2\/product\/3562","targetHints":{"allow":["GET"]}}],"collection":[{"href":"https:\/\/birrificiosottobisio.ch\/promo\/wp-json\/wp\/v2\/product"}],"about":[{"href":"https:\/\/birrificiosottobisio.ch\/promo\/wp-json\/wp\/v2\/types\/product"}],"wp:featuredmedia":[{"embeddable":true,"href":"https:\/\/birrificiosottobisio.ch\/promo\/wp-json\/wp\/v2\/media\/3563"}],"wp:attachment":[{"href":"https:\/\/birrificiosottobisio.ch\/promo\/wp-json\/wp\/v2\/media?parent=3562"}],"wp:term":[{"taxonomy":"product_cat","embeddable":true,"href":"https:\/\/birrificiosottobisio.ch\/promo\/wp-json\/wp\/v2\/product_cat?post=3562"},{"taxonomy":"product_tag","embeddable":true,"href":"https:\/\/birrificiosottobisio.ch\/promo\/wp-json\/wp\/v2\/product_tag?post=3562"}],"curies":[{"name":"wp","href":"https:\/\/api.w.org\/{rel}","templated":true}]}}